{"id":46,"date":"2012-06-28T16:12:31","date_gmt":"2012-06-28T14:12:31","guid":{"rendered":"http:\/\/mgh-germany.de\/?page_id=46"},"modified":"2012-10-02T17:21:05","modified_gmt":"2012-10-02T15:21:05","slug":"hauptprodukte","status":"publish","type":"page","link":"https:\/\/mgh-germany.de\/?page_id=46","title":{"rendered":"MGH-CNG Druckregler"},"content":{"rendered":"<p><strong>Druckregler CNG-MGH<\/strong><\/p>\n<p>Da konventionelle Kraftstoffe wie Benzin und Diesel weltweit teurer werden, gibt es stetig wachsende Nachfrage f\u00fcr die Entwicklung alternativer Antriebssysteme f\u00fcr verschieden M\u00e4rkte.<br \/>\nAls eine kurzfristige L\u00f6sung machen CNG-Antriebssysteme verst\u00e4rkt auf sich aufmerksam. Nicht nur Aufgrund ihres Preises, sondern auch, weil sie mehr Komptabilit\u00e4t zum Umweltschutz bieten.<\/p>\n<p>MGH-Germany GmbH ist das erste Unternehmen in Deutschland, welches neue Produkte f\u00fcr CNG-Systeme und kleinere OEM-Konvertierungen entwickelt. Eines dieser Produkte ist der CNG-Druckregler in verschiedenen Ausf\u00fchrungen f\u00fcr 2 , 3 und 7 bar Ausgangsdruck.<\/p>\n<p>Diese neu entwickelten CNG-Druckregler funktionieren hervorragend im Vergleich mit den Produkten der Konkurrenz-Hersteller.<\/p>\n<p>Der MGH Druckregler ist ideal f\u00fcr den harten Dauereinsatz. Tausende und Abertausende von MGH-Druckreglern, die an Kunden ausgeliefert und verbaut wurden, sind bereits Millionen von Kilometern unterwegs.<\/p>\n<p><a href=\"?page_id=59\">Produktbeschreibung<\/a><\/p>\n","protected":false},"excerpt":{"rendered":"<p>Druckregler CNG-MGH Da konventionelle Kraftstoffe wie Benzin und Diesel weltweit teurer werden, gibt es stetig wachsende Nachfrage f\u00fcr die Entwicklung alternativer Antriebssysteme f\u00fcr verschieden M\u00e4rkte. Als eine kurzfristige L\u00f6sung machen CNG-Antriebssysteme verst\u00e4rkt auf sich aufmerksam. Nicht nur Aufgrund ihres Preises, sondern auch, weil sie mehr Komptabilit\u00e4t zum Umweltschutz bieten. MGH-Germany GmbH ist das erste Unternehmen [&hellip;]<\/p>\n","protected":false},"author":4,"featured_media":0,"parent":0,"menu_order":0,"comment_status":"closed","ping_status":"closed","template":"","meta":{"footnotes":""},"class_list":["post-46","page","type-page","status-publish","hentry"],"_links":{"self":[{"href":"https:\/\/mgh-germany.de\/index.php?rest_route=\/wp\/v2\/pages\/46","targetHints":{"allow":["GET"]}}],"collection":[{"href":"https:\/\/mgh-germany.de\/index.php?rest_route=\/wp\/v2\/pages"}],"about":[{"href":"https:\/\/mgh-germany.de\/index.php?rest_route=\/wp\/v2\/types\/page"}],"author":[{"embeddable":true,"href":"https:\/\/mgh-germany.de\/index.php?rest_route=\/wp\/v2\/users\/4"}],"replies":[{"embeddable":true,"href":"https:\/\/mgh-germany.de\/index.php?rest_route=%2Fwp%2Fv2%2Fcomments&post=46"}],"version-history":[{"count":9,"href":"https:\/\/mgh-germany.de\/index.php?rest_route=\/wp\/v2\/pages\/46\/revisions"}],"predecessor-version":[{"id":87,"href":"https:\/\/mgh-germany.de\/index.php?rest_route=\/wp\/v2\/pages\/46\/revisions\/87"}],"wp:attachment":[{"href":"https:\/\/mgh-germany.de\/index.php?rest_route=%2Fwp%2Fv2%2Fmedia&parent=46"}],"curies":[{"name":"wp","href":"https:\/\/api.w.org\/{rel}","templated":true}]}}